{"id":638,"date":"2015-06-15T12:35:48","date_gmt":"2015-06-15T09:35:48","guid":{"rendered":"https:\/\/purkupro.fi\/?page_id=638"},"modified":"2015-06-15T12:37:46","modified_gmt":"2015-06-15T09:37:46","slug":"tillaggstjanster","status":"publish","type":"page","link":"https:\/\/www.purkupro.fi\/sv\/tjanster\/tillaggstjanster\/","title":{"rendered":"Till\u00e4ggstj\u00e4nster"},"content":{"rendered":"<h2>Metallsnitt<\/h2>\n<p>Med p\u00e5 gr\u00e4vskopa monterade saxar kan man riva och sk\u00e4ra st\u00e5lkonstruktioner och bearbeta metallskrot, inom att skapa f\u00f6r dem merv\u00e4rde innan materialet ska f\u00f6rs\u00e4ljas (f\u00f6r en ton metall som redan har skurits enligt fastlagda m\u00e5tt betalar uppk\u00f6pare 20-30 euro mer). Med saxar p\u00e5 250-ton sk\u00e4rkraft kan man sk\u00e4ra upp till 15 mm st\u00e5lpl\u00e5t, 400 mm IPN- b\u00e4rbj\u00e4lkar eller 65 mm j\u00e4rnst\u00e5ngar.<\/p>\n<p>Med PurkuPro Oy\u2019s teknik kan man utan vilka som helst risker sk\u00e4ra ocks\u00e5 i brandfarlig milj\u00f6 eller under vatten och garantera tryckbeh\u00e5llares s\u00e4kerhet och stycka l\u00e4ttant\u00e4ndliga material.<\/p>\n<h2>Stenbrytning<\/h2>\n<p>Den mobila stenbrytaren Nordberh LT116 \u00e4r tillr\u00e4ckligt prestationsduglig f\u00f6r att bearbeta alle hos oss f\u00f6rekommande naturliga och syntetiska stenmaterial:<\/p>\n<ul>\n<li>kalksten,<\/li>\n<li>landsten,<\/li>\n<li>granit,<\/li>\n<li>tegelstenrester,<\/li>\n<li>asfalt,<\/li>\n<li>j\u00e4rnbetong osv.<\/li>\n<\/ul>\n<p>Beroende p\u00e5 brytares hakors position f\u00f6rblir tillverkade materialets fraktioner mellan 0-60\/150 mm, och stenbrytares prestation utg\u00f6r 65-180 t\/h. Stenbrytares magnetseparerare garanterar, att i material befintliga metallf\u00f6rem\u00e5l (armaturer, naglar, r\u00f6r osv.) ska separeras av fyllnadsmaterial.<\/p>\n<h2>Arbeten med extraanl\u00e4ggningar utrustade gr\u00e4vskopa<\/h2>\n<p>Bolagets PurkuPro Oy med m\u00e5ngsidig teknik utrustade hydrauliska bandgr\u00e4vskopor och hjulgr\u00e4vskopor kan utf\u00f6ra f\u00f6ljande arbeten:<\/p>\n<ul>\n<li>s\u00f6nderslagningsarbeten med hydraulisk hammare (s.k. rammare) f\u00f6r kalkstengrundens, fundaments, stora betongdetaljers osv. s\u00f6nderslagning,<\/li>\n<li>pulvrisering av betong och tegelstenrester,<\/li>\n<li>gr\u00e4vningsarbeten med gr\u00e4vningsskopor,<\/li>\n<li>sortering och lagring av material med gripskopa,<\/li>\n<li>sortering och lagring av material med gripare,<\/li>\n<li>lagring av material med bulklastskopa.<\/li>\n<\/ul>\n","protected":false},"excerpt":{"rendered":"<p>Metallsnitt Med p\u00e5 gr\u00e4vskopa monterade saxar kan man riva och sk\u00e4ra st\u00e5lkonstruktioner och bearbeta metallskrot, inom att skapa f\u00f6r dem merv\u00e4rde innan materialet ska f\u00f6rs\u00e4ljas (f\u00f6r en ton metall som redan har skurits enligt fastlagda m\u00e5tt betalar uppk\u00f6pare 20-30 euro mer). Med saxar p\u00e5 250-ton sk\u00e4rkraft kan man sk\u00e4ra upp till 15 mm st\u00e5lpl\u00e5t, 400 &hellip; <span class=\"read-more\">Loe edasi<\/span><\/p>\n","protected":false},"author":2,"featured_media":0,"parent":617,"menu_order":6,"comment_status":"closed","ping_status":"closed","template":"","meta":{"footnotes":""},"class_list":["post-638","page","type-page","status-publish","hentry"],"_links":{"self":[{"href":"https:\/\/www.purkupro.fi\/sv\/wp-json\/wp\/v2\/pages\/638","targetHints":{"allow":["GET"]}}],"collection":[{"href":"https:\/\/www.purkupro.fi\/sv\/wp-json\/wp\/v2\/pages"}],"about":[{"href":"https:\/\/www.purkupro.fi\/sv\/wp-json\/wp\/v2\/types\/page"}],"author":[{"embeddable":true,"href":"https:\/\/www.purkupro.fi\/sv\/wp-json\/wp\/v2\/users\/2"}],"replies":[{"embeddable":true,"href":"https:\/\/www.purkupro.fi\/sv\/wp-json\/wp\/v2\/comments?post=638"}],"version-history":[{"count":2,"href":"https:\/\/www.purkupro.fi\/sv\/wp-json\/wp\/v2\/pages\/638\/revisions"}],"predecessor-version":[{"id":641,"href":"https:\/\/www.purkupro.fi\/sv\/wp-json\/wp\/v2\/pages\/638\/revisions\/641"}],"up":[{"embeddable":true,"href":"https:\/\/www.purkupro.fi\/sv\/wp-json\/wp\/v2\/pages\/617"}],"wp:attachment":[{"href":"https:\/\/www.purkupro.fi\/sv\/wp-json\/wp\/v2\/media?parent=638"}],"curies":[{"name":"wp","href":"https:\/\/api.w.org\/{rel}","templated":true}]}}