{"id":632,"date":"2015-06-15T12:31:23","date_gmt":"2015-06-15T09:31:23","guid":{"rendered":"https:\/\/purkupro.fi\/?page_id=632"},"modified":"2015-06-15T12:31:23","modified_gmt":"2015-06-15T09:31:23","slug":"arbeten-fore-byggnadsprocessens-paborjan","status":"publish","type":"page","link":"https:\/\/www.purkupro.fi\/sv\/tjanster\/arbeten-fore-byggnadsprocessens-paborjan\/","title":{"rendered":"Arbeten f\u00f6re byggnadsprocessens p\u00e5b\u00f6rjan"},"content":{"rendered":"<p>Rivningen \u00e4r ofta f\u00f6rknippad med senare f\u00f6ljande byggnadsprocessen, s\u00e5 m\u00e5ste t.ex. gamla byggnader rivas och dess rester borttas f\u00f6r att skaffa plats f\u00f6r nya byggnader. I s\u00e5dana f\u00f6rh\u00e5llanden har firman som utf\u00f6r de rivningsarbetena en hel del (kostnads)f\u00f6rdelar betr\u00e4ffande olika f\u00f6rberedande arbeten \u2013 tekniken man beh\u00f6ver f\u00f6r dessa arbeten finns redan p\u00e5 byggnadsplats, arbetare och specialister vet besked om objektets problem och egendomligheter och vid st\u00f6rre arbetsomf\u00e5ng kan man r\u00e4kna med vissa besparingar.<\/p>\n<p>Som arbeten, som PurkuPro Oy utf\u00f6r i nya byggnaders f\u00f6rberedande process, kan n\u00e4mnas t.ex. f\u00f6ljande aktiviteter:<\/p>\n<p><strong>Markens gr\u00e4vning och transport.<\/strong><br \/>\nDenna tj\u00e4nst betyder att marken ska gr\u00e4vas till \u00f6nskade djuplek och d\u00e4refter ska gr\u00e4vningsmaterial lagras eller borttransporteras fr\u00e5n byggnadsplatsen.<\/p>\n<p><strong>Gr\u00e4vning av fundamentets h\u00e5l.<\/strong><br \/>\nByggnadsfirman \u00f6vertar gr\u00e4vningen av fundamentets h\u00e5l enligt \u00f6nskade m\u00e5tt och djuplek.<\/p>\n<p><strong>Byggande av fundamentets bas av makadam.<\/strong><br \/>\nEnligt i konkreta objektets byggnadsprojekt f\u00f6reskrivna normer ska p\u00e5 fundamentets bas grunden av makadam utf\u00f6ras.<\/p>\n<p><strong>Byggande av basen f\u00f6r v\u00e4gar och platser (av sand och makadam)<\/strong><br \/>\nBasens byggande f\u00f6r v\u00e4gar och platser inneb\u00e4r att stora m\u00e4ngder av byggnadsmaterial m\u00e5ste bearbetas, dvs. mark, sand, makadam. PurkuPro Oy f\u00f6rfogar \u00f6ver tillr\u00e4ckligt prestationsduglig teknik och erfarenheter i materiallogistik, vad som \u00e4r viktigt f\u00f6r n\u00e4mnda arbetens utf\u00f6rande.<\/p>\n","protected":false},"excerpt":{"rendered":"<p>Rivningen \u00e4r ofta f\u00f6rknippad med senare f\u00f6ljande byggnadsprocessen, s\u00e5 m\u00e5ste t.ex. gamla byggnader rivas och dess rester borttas f\u00f6r att skaffa plats f\u00f6r nya byggnader. I s\u00e5dana f\u00f6rh\u00e5llanden har firman som utf\u00f6r de rivningsarbetena en hel del (kostnads)f\u00f6rdelar betr\u00e4ffande olika f\u00f6rberedande arbeten \u2013 tekniken man beh\u00f6ver f\u00f6r dessa arbeten finns redan p\u00e5 byggnadsplats, arbetare och &hellip; <span class=\"read-more\">Loe edasi<\/span><\/p>\n","protected":false},"author":2,"featured_media":0,"parent":617,"menu_order":4,"comment_status":"closed","ping_status":"closed","template":"","meta":{"footnotes":""},"class_list":["post-632","page","type-page","status-publish","hentry"],"_links":{"self":[{"href":"https:\/\/www.purkupro.fi\/sv\/wp-json\/wp\/v2\/pages\/632","targetHints":{"allow":["GET"]}}],"collection":[{"href":"https:\/\/www.purkupro.fi\/sv\/wp-json\/wp\/v2\/pages"}],"about":[{"href":"https:\/\/www.purkupro.fi\/sv\/wp-json\/wp\/v2\/types\/page"}],"author":[{"embeddable":true,"href":"https:\/\/www.purkupro.fi\/sv\/wp-json\/wp\/v2\/users\/2"}],"replies":[{"embeddable":true,"href":"https:\/\/www.purkupro.fi\/sv\/wp-json\/wp\/v2\/comments?post=632"}],"version-history":[{"count":1,"href":"https:\/\/www.purkupro.fi\/sv\/wp-json\/wp\/v2\/pages\/632\/revisions"}],"predecessor-version":[{"id":633,"href":"https:\/\/www.purkupro.fi\/sv\/wp-json\/wp\/v2\/pages\/632\/revisions\/633"}],"up":[{"embeddable":true,"href":"https:\/\/www.purkupro.fi\/sv\/wp-json\/wp\/v2\/pages\/617"}],"wp:attachment":[{"href":"https:\/\/www.purkupro.fi\/sv\/wp-json\/wp\/v2\/media?parent=632"}],"curies":[{"name":"wp","href":"https:\/\/api.w.org\/{rel}","templated":true}]}}