{"id":17,"date":"2015-04-22T09:53:26","date_gmt":"2015-04-22T06:53:26","guid":{"rendered":"https:\/\/purkupro.fi\/?page_id=17"},"modified":"2015-06-15T12:27:52","modified_gmt":"2015-06-15T09:27:52","slug":"lammutusjargsed-tood","status":"publish","type":"page","link":"https:\/\/www.purkupro.fi\/et\/teenused\/lammutusjargsed-tood\/","title":{"rendered":"Lammutusj\u00e4rgsed t\u00f6\u00f6d"},"content":{"rendered":"<p>Allj\u00e4rgnevalt kirjeldatud tegevused moodustavad k\u00fcll korrektse lammutamist\u00f6\u00f6 lahutamatu osa, kuid m\u00f5ningatel puhkudel tuleb lammutamisfirmal ette teiste tegemata- v\u00f5i poolelij\u00e4tmiste teostamist, aga ka lihtsalt hooletusse j\u00e4etud territooriumide korrastamist.<\/p>\n<p><strong>J\u00e4\u00e4tmek\u00e4itlus<\/strong><br \/>\nLisaks ehituskonstruktsioonide oskuslikule demonteerimisele k\u00e4tkeb iga lammutust\u00f6\u00f6 endas ka ehitusj\u00e4\u00e4tmete sobivat k\u00e4itlemist, mis kannab nii keskkonnas\u00f5bralikkuse kui madalamate kuludega seotud h\u00fcvesid. Purustaja O\u00dc v\u00e4ljakujunenud swiss replica praktika n\u00e4eb endas reeglina v\u00e4lja selline:<\/p>\n<ul>\n<li>vanametall realiseeritakse kokkuostjale, millest laekuva tulu p\u00fc\u00fcame pea alati ka objektide hinnastamisel arvesse v\u00f5tta,<\/li>\n<li>puitdetailid \u2013 aknaraamid, uksed ja ukseraamid, fermid, laudised jmt \u2013 antakse energiatootmisse, enamasti hakkepuidutootjale,<\/li>\n<li>betoonelemendid, tellised jm kivimaterjal purustatakse mobiilse kivipurustiga t\u00e4itematerjaliks fraktsioonis 0-60..150 mm, mida saab kasutada,<\/li>\n<li>taaskasutamiseks mittek\u00f5lbulikud j\u00e4\u00e4tmed (praht, soojustusmaterjalid, ruberoid jne) utiliseeritakse ehitusj\u00e4\u00e4tmete pr\u00fcgilas).<\/li>\n<\/ul>\n<p><strong>Lammutusprahi \u00e4ravedu<\/strong><br \/>\nLammutamist\u00f6\u00f6de k\u00e4igus tekkinud ehitusj\u00e4\u00e4tmed sorteeritakse Purustaja O\u00dc poolt ning teisaldatakse ehitusplatsilt. V\u00e4iksemate mahtude ja objektide puhul toimub see teisaldatavate multilift-vahetuskastidega, suuremate koguste korral veetakse kivimaterjal minema raskeveokitega.<\/p>\n<p><strong>Ehitusplatsi korrastamine<\/strong><br \/>\nHoonete lammutamise j\u00e4rgselt tuleb ehitusplats tellijale \u00fcle anda korrastatud kujul. Selleks hoonease ja krunt:<\/p>\n<ul>\n<li>tasandatakse,<\/li>\n<li>t\u00e4idetakse sobiva materjaliga, milleks sobib ka purustatud tellise- v\u00f5i betoonimaterjal,<\/li>\n<li>kaetakse killustikuga, ja\/v\u00f5i<\/li>\n<li>haljastatakse.<\/li>\n<\/ul>\n<p><strong>Territooriumide koristamine<\/strong><br \/>\nTihtipeale vajavad suured territooriumid koristamist ja korrastamist ka ilma tegelike lammutamist\u00f6\u00f6deta. P\u00f5hjuseid selleks v\u00f5ib olla mitmeid \u2013 kunagised hooned on juba lammutatud, kuid lammutusj\u00e4\u00e4tmed on j\u00e4etud utiliseerimata, t\u00fchermaale on hakanud \u201etekkima\u201c pr\u00fcgilademed jne. Purustaja O\u00dc on abiks selliste maa-alade korrastamisel, kas siis koos v\u00f5i eraldiseisvana teistest tegevustest.<\/p>\n","protected":false},"excerpt":{"rendered":"<p>Allj\u00e4rgnevalt kirjeldatud tegevused moodustavad k\u00fcll korrektse lammutamist\u00f6\u00f6 lahutamatu osa, kuid m\u00f5ningatel puhkudel tuleb lammutamisfirmal ette teiste tegemata- v\u00f5i poolelij\u00e4tmiste teostamist, aga ka lihtsalt hooletusse j\u00e4etud territooriumide korrastamist. J\u00e4\u00e4tmek\u00e4itlus Lisaks ehituskonstruktsioonide oskuslikule demonteerimisele k\u00e4tkeb iga lammutust\u00f6\u00f6 endas ka ehitusj\u00e4\u00e4tmete sobivat k\u00e4itlemist, mis kannab nii keskkonnas\u00f5bralikkuse kui madalamate kuludega seotud h\u00fcvesid. Purustaja O\u00dc v\u00e4ljakujunenud swiss replica praktika &hellip; <span class=\"read-more\">Loe edasi<\/span><\/p>\n","protected":false},"author":2,"featured_media":0,"parent":11,"menu_order":3,"comment_status":"closed","ping_status":"closed","template":"","meta":{"footnotes":""},"class_list":["post-17","page","type-page","status-publish","hentry"],"_links":{"self":[{"href":"https:\/\/www.purkupro.fi\/et\/wp-json\/wp\/v2\/pages\/17","targetHints":{"allow":["GET"]}}],"collection":[{"href":"https:\/\/www.purkupro.fi\/et\/wp-json\/wp\/v2\/pages"}],"about":[{"href":"https:\/\/www.purkupro.fi\/et\/wp-json\/wp\/v2\/types\/page"}],"author":[{"embeddable":true,"href":"https:\/\/www.purkupro.fi\/et\/wp-json\/wp\/v2\/users\/2"}],"replies":[{"embeddable":true,"href":"https:\/\/www.purkupro.fi\/et\/wp-json\/wp\/v2\/comments?post=17"}],"version-history":[{"count":3,"href":"https:\/\/www.purkupro.fi\/et\/wp-json\/wp\/v2\/pages\/17\/revisions"}],"predecessor-version":[{"id":193,"href":"https:\/\/www.purkupro.fi\/et\/wp-json\/wp\/v2\/pages\/17\/revisions\/193"}],"up":[{"embeddable":true,"href":"https:\/\/www.purkupro.fi\/et\/wp-json\/wp\/v2\/pages\/11"}],"wp:attachment":[{"href":"https:\/\/www.purkupro.fi\/et\/wp-json\/wp\/v2\/media?parent=17"}],"curies":[{"name":"wp","href":"https:\/\/api.w.org\/{rel}","templated":true}]}}