{"id":13,"date":"2015-04-22T09:53:08","date_gmt":"2015-04-22T06:53:08","guid":{"rendered":"https:\/\/purkupro.fi\/?page_id=13"},"modified":"2015-06-15T12:27:48","modified_gmt":"2015-06-15T09:27:48","slug":"lammutamise-eelsed-tood","status":"publish","type":"page","link":"https:\/\/www.purkupro.fi\/et\/teenused\/lammutamise-eelsed-tood\/","title":{"rendered":"Lammutamise eelsed t\u00f6\u00f6d"},"content":{"rendered":"<p>Lammutamine v\u00f5ib muu ehitustegevusega v\u00f5rreldes paista k\u00fcll kiire ja suhteliselt odava ettev\u00f5tmisena, kuid sellegipoolest v\u00f5ib vale planeerimine ja l\u00e4bim\u00f5tlemata tegutsemine tuua endaga kaasa olulise ressursimahukuse ning lisakulud. Seet\u00f5ttu p\u00fc\u00fcavad Purustaja O\u00dc inimesed anda oma kogemust ja n\u00f5uandeid potentsiaalsele kliendile edasi v\u00f5imalikult varajases lammutamise projekti ettevalmistavas faasis.<br \/>\nLammutamise eel saab Purustaja O\u00dc aidata oma tellijaid allj\u00e4rgnevate teenustega:<\/p>\n<p><strong>Lammutamisalane n\u00f5ustamine ja konsultatsioon<\/strong><br \/>\nN\u00f5ustamise raames m\u00f5tleme l\u00e4bi ja teeme omad ettepanekud planeeritava tegevuse osas. Muuhulgas t\u00e4hendab see ka sobiva tehnoloogia ja t\u00f6\u00f6v\u00f5tete valikut, j\u00e4\u00e4tmek\u00e4itluse erinevate variantide kaalumist ning t\u00f6\u00f6de teostamise aja soovitamist. L\u00e4htume p\u00f5him\u00f5tetest, et<\/p>\n<ul>\n<li>kasutatavad tehnoloogiad ja t\u00f6\u00f6v\u00f5tted oleksid kuluefektiivsed,<\/li>\n<li>j\u00e4\u00e4tmek\u00e4itlus optimaalne, sh j\u00e4\u00e4tmed sorteeritud ning maksimaalses ulatuses taaskasutusse suunatud (n\u00e4iteks puit sisendina energiatootmisse, betoon ja tellised t\u00f6\u00f6deldud sobivaks t\u00e4itematerjaliks, vanaraud realiseeritud kokkuostjale),<\/li>\n<li>t\u00f6\u00f6de teostamise aeg kuluefektiivne ning koosk\u00f5las valitud t\u00f6\u00f6v\u00f5tetega. Nagu muudeski majandusharudes, v\u00f5ib liialt ootamatu lammutamistegevuse ettev\u00f5tmine tipphooajal kujuneda kulukamaks, samas tuleb t\u00f6\u00f6de planeerimisel arvestada hooajaliste piirangutega.<\/li>\n<\/ul>\n<p><strong>Lammutusprojekti koostamine<\/strong><br \/>\nVastavalt Eestis kehtivale ehitusseadusele vajab igasugune ehitustegevus, millena on defineeritud ka hoonete ja rajatiste lammutamine, ehitusprojekti alusel v\u00e4ljastatud ehitusluba. Teenuse raame Purustaja O\u00dc:<\/p>\n<ul>\n<li>taotleb tehnilised tingimused planeeritud lammutamistegevuseks,<br \/>\nvajadusel telllib geoaluse,<\/li>\n<li>koostab eelprojekti n\u00f5uetele vastava lammutamisprojekti,<\/li>\n<li>koosk\u00f5lastab projekti asjassepuutuvate instantsidega (nt v\u00f5rguvaldajad),<\/li>\n<li>esitab projekti koos ehitusloa taotlusega kohalikule omavalitsusele.<\/li>\n<\/ul>\n","protected":false},"excerpt":{"rendered":"<p>Lammutamine v\u00f5ib muu ehitustegevusega v\u00f5rreldes paista k\u00fcll kiire ja suhteliselt odava ettev\u00f5tmisena, kuid sellegipoolest v\u00f5ib vale planeerimine ja l\u00e4bim\u00f5tlemata tegutsemine tuua endaga kaasa olulise ressursimahukuse ning lisakulud. Seet\u00f5ttu p\u00fc\u00fcavad Purustaja O\u00dc inimesed anda oma kogemust ja n\u00f5uandeid potentsiaalsele kliendile edasi v\u00f5imalikult varajases lammutamise projekti ettevalmistavas faasis. Lammutamise eel saab Purustaja O\u00dc aidata oma tellijaid allj\u00e4rgnevate &hellip; <span class=\"read-more\">Loe edasi<\/span><\/p>\n","protected":false},"author":2,"featured_media":0,"parent":11,"menu_order":1,"comment_status":"closed","ping_status":"closed","template":"","meta":{"footnotes":""},"class_list":["post-13","page","type-page","status-publish","hentry"],"_links":{"self":[{"href":"https:\/\/www.purkupro.fi\/et\/wp-json\/wp\/v2\/pages\/13","targetHints":{"allow":["GET"]}}],"collection":[{"href":"https:\/\/www.purkupro.fi\/et\/wp-json\/wp\/v2\/pages"}],"about":[{"href":"https:\/\/www.purkupro.fi\/et\/wp-json\/wp\/v2\/types\/page"}],"author":[{"embeddable":true,"href":"https:\/\/www.purkupro.fi\/et\/wp-json\/wp\/v2\/users\/2"}],"replies":[{"embeddable":true,"href":"https:\/\/www.purkupro.fi\/et\/wp-json\/wp\/v2\/comments?post=13"}],"version-history":[{"count":4,"href":"https:\/\/www.purkupro.fi\/et\/wp-json\/wp\/v2\/pages\/13\/revisions"}],"predecessor-version":[{"id":181,"href":"https:\/\/www.purkupro.fi\/et\/wp-json\/wp\/v2\/pages\/13\/revisions\/181"}],"up":[{"embeddable":true,"href":"https:\/\/www.purkupro.fi\/et\/wp-json\/wp\/v2\/pages\/11"}],"wp:attachment":[{"href":"https:\/\/www.purkupro.fi\/et\/wp-json\/wp\/v2\/media?parent=13"}],"curies":[{"name":"wp","href":"https:\/\/api.w.org\/{rel}","templated":true}]}}